{"id":10484,"date":"2020-11-26T13:25:50","date_gmt":"2020-11-26T16:25:50","guid":{"rendered":"https:\/\/irmacestari.com.br\/embuchamento\/?page_id=10484"},"modified":"2021-03-16T10:50:45","modified_gmt":"2021-03-16T13:50:45","slug":"bucha-da-manga-do-eixo-calibrada","status":"publish","type":"page","link":"https:\/\/irmacestari.com.br\/embuchamento\/bucha-da-manga-do-eixo-calibrada\/","title":{"rendered":"BUCHA DA MANGA DO EIXO CALIBRADA"},"content":{"rendered":"<div class=\"wpb-content-wrapper\"><p>[vc_row full_width=&#8221;stretch_row_content_no_spaces&#8221;][vc_column][vc_single_image image=&#8221;10517&#8243; img_size=&#8221;full&#8221; alignment=&#8221;center&#8221;][\/vc_column][\/vc_row][vc_row enable_parallax=&#8221;yes&#8221; css=&#8221;.vc_custom_1605551309077{padding-bottom: 30px !important;background-color: #03369a !important;}&#8221;][vc_column][vc_custom_heading text=&#8221;BUCHAS CALIBRADA PARA EMBUCHAMENTO DA MANGA DO EIXO&#8221; font_container=&#8221;tag:h1|text_align:center|color:%23ffaf02&#8243; google_fonts=&#8221;font_family:Fredoka%20One%3Aregular|font_style:400%20regular%3A400%3Anormal&#8221; css_animation=&#8221;fadeIn&#8221;][vc_separator color=&#8221;custom&#8221; border_width=&#8221;4&#8243; el_width=&#8221;30&#8243; accent_color=&#8221;#ffaf02&#8243;][vc_empty_space height=&#8221;60px&#8221;][vc_row_inner][vc_column_inner width=&#8221;1\/2&#8243;][vc_custom_heading text=&#8221;CARACTERISTICAS T\u00c9CNICAS&#8221; font_container=&#8221;tag:h3|text_align:center|color:%2305318c&#8221; google_fonts=&#8221;font_family:Fredoka%20One%3Aregular|font_style:400%20regular%3A400%3Anormal&#8221; css_animation=&#8221;fadeIn&#8221; css=&#8221;.vc_custom_1615902616034{border-top-width: 5px !important;border-right-width: 5px !important;border-bottom-width: 5px !important;border-left-width: 5px !important;padding-top: 20px !important;padding-bottom: 20px !important;background-color: #feae03 !important;border-left-style: solid !important;border-right-style: solid !important;border-top-style: solid !important;border-bottom-style: solid !important;border-radius: 10px !important;}&#8221;][vc_column_text]<span style=\"color: #ffffff; font-size: 20px;\">&#8211; Material liga de lat\u00e3o padronizado;<\/span><br \/>\n<span style=\"color: #ffffff; font-size: 20px;\">&#8211; Dureza 150 HB;<\/span><br \/>\n<span style=\"color: #ffffff; font-size: 20px;\">&#8211; Canal de lubri\ufb01ca\u00e7\u00e3o duplo de 0,8mm profundidade;<\/span><\/p>\n<p>[\/vc_column_text][\/vc_column_inner][vc_column_inner width=&#8221;1\/2&#8243; css=&#8221;.vc_custom_1605549147802{border-top-width: 0px !important;border-right-width: 0px !important;border-bottom-width: 0px !important;border-left-width: 0px !important;padding-top: 0px !important;padding-right: 0px !important;padding-bottom: 0px !important;padding-left: 0px !important;}&#8221;][vc_single_image image=&#8221;10486&#8243; img_size=&#8221;full&#8221; alignment=&#8221;center&#8221;][\/vc_column_inner][\/vc_row_inner][vc_row_inner][vc_column_inner width=&#8221;1\/2&#8243;][vc_single_image image=&#8221;10487&#8243; img_size=&#8221;full&#8221; alignment=&#8221;center&#8221;][\/vc_column_inner][vc_column_inner width=&#8221;1\/2&#8243; css=&#8221;.vc_custom_1605549147802{border-top-width: 0px !important;border-right-width: 0px !important;border-bottom-width: 0px !important;border-left-width: 0px !important;padding-top: 0px !important;padding-right: 0px !important;padding-bottom: 0px !important;padding-left: 0px !important;}&#8221;][vc_custom_heading text=&#8221;PADR\u00c3O DE QUALIDADE&#8221; font_container=&#8221;tag:h3|text_align:center|color:%2305318c&#8221; google_fonts=&#8221;font_family:Fredoka%20One%3Aregular|font_style:400%20regular%3A400%3Anormal&#8221; css_animation=&#8221;fadeIn&#8221; css=&#8221;.vc_custom_1615902624211{border-top-width: 5px !important;border-right-width: 5px !important;border-bottom-width: 5px !important;border-left-width: 5px !important;padding-top: 20px !important;padding-bottom: 20px !important;background-color: #feae03 !important;border-left-style: solid !important;border-right-style: solid !important;border-top-style: solid !important;border-bottom-style: solid !important;border-radius: 10px !important;}&#8221;][vc_column_text]<span style=\"color: #ffffff; font-size: 20px;\">&#8211; Isen\u00e7\u00e3o de porosidade e trincas;<\/span><br \/>\n<span style=\"color: #ffffff; font-size: 20px;\">&#8211; Resist\u00eancia mec\u00e2nica ao atrito;<\/span><br \/>\n<span style=\"color: #ffffff; font-size: 20px;\">&#8211; Lubri\ufb01ca\u00e7\u00e3o em todo o sistema;<\/span><br \/>\n<span style=\"color: #ffffff; font-size: 20px;\">&#8211; Dimensional interno ajustado;<\/span><br \/>\n<span style=\"color: #ffffff; font-size: 20px;\">&#8211; Redu\u00e7\u00e3o de m\u00e3o de obra na aplica\u00e7\u00e3o e ovaliza\u00e7\u00e3o;<\/span><br \/>\n<span style=\"color: #ffffff; font-size: 20px;\">&#8211; Redu\u00e7\u00e3o no desperd\u00edcio de material;<\/span><br \/>\n<span style=\"color: #ffffff; font-size: 20px;\">&#8211; Inibi\u00e7\u00e3o da perda do canal de lubri\ufb01ca\u00e7\u00e3o;<\/span><br \/>\n<span style=\"color: #ffffff; font-size: 20px;\">&#8211; Prolongamento vida \u00fatil;<\/span>[\/vc_column_text][\/vc_column_inner][\/vc_row_inner][vc_row_inner][vc_column_inner][vc_custom_heading text=&#8221;TABELA DE MEDIDAS BUCHAS CALIBRADA PARA EMBUCHAMENTO DA MANGA DO EIXO&#8221; font_container=&#8221;tag:h3|text_align:center|color:%2305318c&#8221; google_fonts=&#8221;font_family:Fredoka%20One%3Aregular|font_style:400%20regular%3A400%3Anormal&#8221; css_animation=&#8221;fadeIn&#8221; css=&#8221;.vc_custom_1615902633210{border-top-width: 5px !important;border-right-width: 5px !important;border-bottom-width: 5px !important;border-left-width: 5px !important;padding-top: 20px !important;padding-bottom: 20px !important;background-color: #feae03 !important;border-left-style: solid !important;border-right-style: solid !important;border-top-style: solid !important;border-bottom-style: solid !important;border-radius: 10px !important;}&#8221;][vc_single_image image=&#8221;10485&#8243; img_size=&#8221;full&#8221; alignment=&#8221;center&#8221;][\/vc_column_inner][\/vc_row_inner][vc_row_inner][vc_column_inner][vc_custom_heading text=&#8221;MELHORIAS&#8221; font_container=&#8221;tag:h3|text_align:center|color:%2305318c&#8221; google_fonts=&#8221;font_family:Fredoka%20One%3Aregular|font_style:400%20regular%3A400%3Anormal&#8221; css_animation=&#8221;fadeIn&#8221; css=&#8221;.vc_custom_1615902643125{border-top-width: 5px !important;border-right-width: 5px !important;border-bottom-width: 5px !important;border-left-width: 5px !important;padding-top: 20px !important;padding-bottom: 20px !important;background-color: #feae03 !important;border-left-style: solid !important;border-right-style: solid !important;border-top-style: solid !important;border-bottom-style: solid !important;border-radius: 10px !important;}&#8221;][vc_column_text]<span style=\"color: #ffcc00; font-size: 22px;\">As BUCHAS CALIBRADA PARA EMBUCHAMENTO DA MANGA DO EIXO ser\u00e3o padronizadas para formato calibrado melhorando assim o ajuste no momento da aplica\u00e7\u00e3o na manga e diminuindo assim o tempo da manuten\u00e7\u00e3o e aumentando a qualidade do trabalho.<\/span>[\/vc_column_text][\/vc_column_inner][\/vc_row_inner][vc_row_inner][vc_column_inner][vc_empty_space height=&#8221;20px&#8221;][vc_single_image image=&#8221;10472&#8243; img_size=&#8221;full&#8221; alignment=&#8221;center&#8221; onclick=&#8221;custom_link&#8221; link=&#8221;https:\/\/baixecatalogo.com.br\/catalogo\/irma-cestari&#8221;][\/vc_column_inner][\/vc_row_inner][\/vc_column][\/vc_row]<\/p>\n<\/div>","protected":false},"excerpt":{"rendered":"<p>[vc_row full_width=&#8221;stretch_row_content_no_spaces&#8221;][vc_column][vc_single_image image=&#8221;10517&#8243; img_size=&#8221;full&#8221; alignment=&#8221;center&#8221;][\/vc_column][\/vc_row][vc_row enable_parallax=&#8221;yes&#8221; css=&#8221;.vc_custom_1605551309077{padding-bottom: 30px !important;background-color: #03369a !important;}&#8221;][vc_column][vc_custom_heading text=&#8221;BUCHAS CALIBRADA PARA EMBUCHAMENTO DA MANGA DO EIXO&#8221; font_container=&#8221;tag:h1|text_align:center|color:%23ffaf02&#8243; google_fonts=&#8221;font_family:Fredoka%20One%3Aregular|font_style:400%20regular%3A400%3Anormal&#8221; css_animation=&#8221;fadeIn&#8221;][vc_separator color=&#8221;custom&#8221; border_width=&#8221;4&#8243; el_width=&#8221;30&#8243; accent_color=&#8221;#ffaf02&#8243;][vc_empty_space height=&#8221;60px&#8221;][vc_row_inner][vc_column_inner width=&#8221;1\/2&#8243;][vc_custom_heading text=&#8221;CARACTERISTICAS T\u00c9CNICAS&#8221; font_container=&#8221;tag:h3|text_align:center|color:%2305318c&#8221; google_fonts=&#8221;font_family:Fredoka%20One%3Aregular|font_style:400%20regular%3A400%3Anormal&#8221; css_animation=&#8221;fadeIn&#8221; css=&#8221;.vc_custom_1615902616034{border-top-width: 5px !important;border-right-width: 5px !important;border-bottom-width: 5px !important;border-left-width: 5px !important;padding-top: 20px !important;padding-bottom: 20px !important;background-color: #feae03 !important;border-left-style: solid !important;border-right-style: solid !important;border-top-style: solid !important;border-bottom-style: solid&hellip;<\/p>\n","protected":false},"author":3,"featured_media":0,"parent":0,"menu_order":0,"comment_status":"closed","ping_status":"closed","template":"..\/public\/views\/revslider-page-template.php","meta":{"footnotes":""},"class_list":["post-10484","page","type-page","status-publish","hentry"],"_links":{"self":[{"href":"https:\/\/irmacestari.com.br\/embuchamento\/wp-json\/wp\/v2\/pages\/10484","targetHints":{"allow":["GET"]}}],"collection":[{"href":"https:\/\/irmacestari.com.br\/embuchamento\/wp-json\/wp\/v2\/pages"}],"about":[{"href":"https:\/\/irmacestari.com.br\/embuchamento\/wp-json\/wp\/v2\/types\/page"}],"author":[{"embeddable":true,"href":"https:\/\/irmacestari.com.br\/embuchamento\/wp-json\/wp\/v2\/users\/3"}],"replies":[{"embeddable":true,"href":"https:\/\/irmacestari.com.br\/embuchamento\/wp-json\/wp\/v2\/comments?post=10484"}],"version-history":[{"count":9,"href":"https:\/\/irmacestari.com.br\/embuchamento\/wp-json\/wp\/v2\/pages\/10484\/revisions"}],"predecessor-version":[{"id":10596,"href":"https:\/\/irmacestari.com.br\/embuchamento\/wp-json\/wp\/v2\/pages\/10484\/revisions\/10596"}],"wp:attachment":[{"href":"https:\/\/irmacestari.com.br\/embuchamento\/wp-json\/wp\/v2\/media?parent=10484"}],"curies":[{"name":"wp","href":"https:\/\/api.w.org\/{rel}","templated":true}]}}